{"id":5805,"date":"2024-03-08T14:09:44","date_gmt":"2024-03-08T13:09:44","guid":{"rendered":"https:\/\/skinatelier.ch\/impressum\/"},"modified":"2024-04-16T10:16:37","modified_gmt":"2024-04-16T08:16:37","slug":"impressum","status":"publish","type":"page","link":"https:\/\/skinatelier.ch\/en\/impressum\/","title":{"rendered":"Impressum"},"content":{"rendered":"\t\t<div data-elementor-type=\"wp-post\" data-elementor-id=\"5805\" class=\"elementor elementor-5805 elementor-1979\" data-elementor-post-type=\"page\">\n\t\t\t\t<div class=\"elementor-element elementor-element-07e05ab e-flex e-con-boxed e-con e-parent\" data-id=\"07e05ab\" data-element_type=\"container\" data-e-type=\"container\">\n\t\t\t\t\t<div class=\"e-con-inner\">\n\t\t\t\t<div class=\"elementor-element elementor-element-026ed9a elementor-widget elementor-widget-heading\" data-id=\"026ed9a\" data-element_type=\"widget\" data-e-type=\"widget\" data-widget_type=\"heading.default\">\n\t\t\t\t<div class=\"elementor-widget-container\">\n\t\t\t\t\t<h2 class=\"elementor-heading-title elementor-size-default\">Kilchberg 12. M\u00e4rz 2024<\/h2>\t\t\t\t<\/div>\n\t\t\t\t<\/div>\n\t\t\t\t<div class=\"elementor-element elementor-element-805fbe8 elementor-widget elementor-widget-heading\" data-id=\"805fbe8\" data-element_type=\"widget\" data-e-type=\"widget\" data-widget_type=\"heading.default\">\n\t\t\t\t<div class=\"elementor-widget-container\">\n\t\t\t\t\t<h1 class=\"elementor-heading-title elementor-size-default\">Impressum<\/h1>\t\t\t\t<\/div>\n\t\t\t\t<\/div>\n\t\t\t\t<div class=\"elementor-element elementor-element-93df54a elementor-widget-divider--view-line elementor-widget elementor-widget-divider\" data-id=\"93df54a\" data-element_type=\"widget\" data-e-type=\"widget\" data-widget_type=\"divider.default\">\n\t\t\t\t<div class=\"elementor-widget-container\">\n\t\t\t\t\t\t\t<div class=\"elementor-divider\">\n\t\t\t<span class=\"elementor-divider-separator\">\n\t\t\t\t\t\t<\/span>\n\t\t<\/div>\n\t\t\t\t\t\t<\/div>\n\t\t\t\t<\/div>\n\t\t\t\t<div class=\"elementor-element elementor-element-b12ccfe elementor-widget__width-initial elementor-widget elementor-widget-text-editor\" data-id=\"b12ccfe\" data-element_type=\"widget\" data-e-type=\"widget\" data-widget_type=\"text-editor.default\">\n\t\t\t\t<div class=\"elementor-widget-container\">\n\t\t\t\t\t\t\t\t\t<p><strong>Inhaberin<\/strong><\/p><p>Skin Atelier AG<br \/>Weinbergstrasse 2<br \/>8802 Kilchberg<\/p><p>Telefon: +41 (0)43 377 30 00<br \/>E-Mail: info@skinatelier.ch<\/p><p>Unternehmens-ID: CHE-139.963.157, eingetragen im Handelsregister des Kantons Z\u00fcrich. Vertreten durch Marta Michalik und Inesa Habibian.<\/p><p><strong>Website Design<\/strong><\/p><p>D4design Studios GmbH, <span style=\"text-decoration: underline;\"><a href=\"https:\/\/d4design.ch\" target=\"_blank\" rel=\"nofollow noopener\">https:\/\/d4design.ch<\/a><\/span><\/p><p><strong>Urheberrechte<\/strong><\/p><p>S\u00e4mtliche erstellten Inhalte und Werke auf diesen Seiten unterliegen dem Schweizer Urheberrecht. Die Vervielf\u00e4ltigung, Bearbeitung, Verbreitung und jede Art der Verwertung ausserhalb der Grenzen des Urheberrechtes bed\u00fcrfen der schriftlichen Zustimmung der jeweiligen Autorin bzw. Erstellerin. Downloads und Kopien dieser Website sind nicht gestattet.<\/p><p><strong>Bildnachweise<\/strong><\/p><p>[Name, Ort oder Homepage (z.B. www.stock.adobe.com)]<\/p><p><strong>Disclaimer<\/strong><\/p><p>Skin Atelier AG hat die Inhalte dieser Website mit gr\u00f6sster Sorgfalt erstellt. Die enthaltenen Angaben dienen lediglich allgemeinen Informationszwecken und ersetzen nicht ein Gespr\u00e4ch mit einer medizinischen Fachperson. Die Informationen auf der Website k\u00f6nnen jederzeit und ohne Vorank\u00fcndigung ge\u00e4ndert werden.<\/p><p>Skin Atelier AG und ihre Autorinnen \u00fcbernehmen keinerlei Gew\u00e4hr und Haftung, was die Vollst\u00e4ndigkeit, Qualit\u00e4t, Korrektheit, Aktualit\u00e4t oder Verwendbarkeit der auf dieser Website enthaltenen Informationen anbelangt.<\/p><p>Skin Atelier AG und ihre Autorinnen haben keinen Einfluss auf Inhalte externer Websites von Dritten und \u00fcbernehmen daher keine Haftung und Verantwortung. F\u00fcr verlinkte Websites sind die jeweiligen Anbieterinnen oder Betreiberinnen verantwortlich.<\/p><p>Jegliche Haftung dieser Website f\u00fcr Sch\u00e4den oder Folgesch\u00e4den, die sich aus dem Zugriff auf die Elemente dieser Website oder deren Benutzung (bzw. aus der Unm\u00f6glichkeit des Zugriffs oder der Benutzung) ergeben, ist ausgeschlossen.<\/p>\t\t\t\t\t\t\t\t<\/div>\n\t\t\t\t<\/div>\n\t\t\t\t\t<\/div>\n\t\t\t\t<\/div>\n\t\t\t\t<\/div>\n\t\t","protected":false},"excerpt":{"rendered":"<p>Kilchberg 12. M\u00e4rz 2024 Impressum Inhaberin Skin Atelier AG Weinbergstrasse 2 8802 Kilchberg Telefon: +41 (0)43 377 30 00 E-Mail: info@skinatelier.ch Unternehmens-ID: CHE-139.963.157, eingetragen im Handelsregister des Kantons Z\u00fcrich. Vertreten durch Marta Michalik und Inesa Habibian. Website Design D4design Studios GmbH, https:\/\/d4design.ch Urheberrechte S\u00e4mtliche erstellten Inhalte und Werke auf diesen Seiten unterliegen dem Schweizer Urheberrecht. [&hellip;]<\/p>\n","protected":false},"author":1,"featured_media":5604,"parent":0,"menu_order":0,"comment_status":"closed","ping_status":"closed","template":"","meta":{"_acf_changed":false,"_seopress_robots_primary_cat":"","_seopress_titles_title":"Impressum | Skin Atelier","_seopress_titles_desc":"Unternehmens-ID: CHE-139.963.157, eingetragen im Handelsregister des Kantons Z\u00fcrich. Vertreten durch Marta Michalik und Inesa Habibian.","_seopress_robots_index":"","footnotes":""},"class_list":["post-5805","page","type-page","status-publish","has-post-thumbnail","hentry"],"acf":[],"_links":{"self":[{"href":"https:\/\/skinatelier.ch\/en\/wp-json\/wp\/v2\/pages\/5805","targetHints":{"allow":["GET"]}}],"collection":[{"href":"https:\/\/skinatelier.ch\/en\/wp-json\/wp\/v2\/pages"}],"about":[{"href":"https:\/\/skinatelier.ch\/en\/wp-json\/wp\/v2\/types\/page"}],"author":[{"embeddable":true,"href":"https:\/\/skinatelier.ch\/en\/wp-json\/wp\/v2\/users\/1"}],"replies":[{"embeddable":true,"href":"https:\/\/skinatelier.ch\/en\/wp-json\/wp\/v2\/comments?post=5805"}],"version-history":[{"count":0,"href":"https:\/\/skinatelier.ch\/en\/wp-json\/wp\/v2\/pages\/5805\/revisions"}],"wp:featuredmedia":[{"embeddable":true,"href":"https:\/\/skinatelier.ch\/en\/wp-json\/wp\/v2\/media\/5604"}],"wp:attachment":[{"href":"https:\/\/skinatelier.ch\/en\/wp-json\/wp\/v2\/media?parent=5805"}],"curies":[{"name":"wp","href":"https:\/\/api.w.org\/{rel}","templated":true}]}}