{"id":5803,"date":"2024-03-08T14:13:11","date_gmt":"2024-03-08T13:13:11","guid":{"rendered":"https:\/\/skinatelier.ch\/datenschutz\/"},"modified":"2024-04-16T10:15:57","modified_gmt":"2024-04-16T08:15:57","slug":"datenschutz","status":"publish","type":"page","link":"https:\/\/skinatelier.ch\/en\/datenschutz\/","title":{"rendered":"Datenschutz"},"content":{"rendered":"\t\t<div data-elementor-type=\"wp-post\" data-elementor-id=\"5803\" class=\"elementor elementor-5803 elementor-1993\" data-elementor-post-type=\"page\">\n\t\t\t\t<div class=\"elementor-element elementor-element-07e05ab e-flex e-con-boxed e-con e-parent\" data-id=\"07e05ab\" data-element_type=\"container\" data-e-type=\"container\">\n\t\t\t\t\t<div class=\"e-con-inner\">\n\t\t\t\t<div class=\"elementor-element elementor-element-026ed9a elementor-widget elementor-widget-heading\" data-id=\"026ed9a\" data-element_type=\"widget\" data-e-type=\"widget\" data-widget_type=\"heading.default\">\n\t\t\t\t<div class=\"elementor-widget-container\">\n\t\t\t\t\t<h2 class=\"elementor-heading-title elementor-size-default\">Kilchberg 12. M\u00e4rz 2024<\/h2>\t\t\t\t<\/div>\n\t\t\t\t<\/div>\n\t\t\t\t<div class=\"elementor-element elementor-element-805fbe8 elementor-widget elementor-widget-heading\" data-id=\"805fbe8\" data-element_type=\"widget\" data-e-type=\"widget\" data-widget_type=\"heading.default\">\n\t\t\t\t<div class=\"elementor-widget-container\">\n\t\t\t\t\t<h1 class=\"elementor-heading-title elementor-size-default\">Datenschutz<\/h1>\t\t\t\t<\/div>\n\t\t\t\t<\/div>\n\t\t\t\t<div class=\"elementor-element elementor-element-93df54a elementor-widget-divider--view-line elementor-widget elementor-widget-divider\" data-id=\"93df54a\" data-element_type=\"widget\" data-e-type=\"widget\" data-widget_type=\"divider.default\">\n\t\t\t\t<div class=\"elementor-widget-container\">\n\t\t\t\t\t\t\t<div class=\"elementor-divider\">\n\t\t\t<span class=\"elementor-divider-separator\">\n\t\t\t\t\t\t<\/span>\n\t\t<\/div>\n\t\t\t\t\t\t<\/div>\n\t\t\t\t<\/div>\n\t\t\t\t<div class=\"elementor-element elementor-element-b12ccfe elementor-widget__width-initial elementor-widget elementor-widget-text-editor\" data-id=\"b12ccfe\" data-element_type=\"widget\" data-e-type=\"widget\" data-widget_type=\"text-editor.default\">\n\t\t\t\t<div class=\"elementor-widget-container\">\n\t\t\t\t\t\t\t\t\t<p><strong>Allgemeines<\/strong><\/p><p>Skin Atelier AG, Weinbergstrasse 2, 8802 Kirchberg, Schweiz, info@skinatelier.ch (\u00abSkin Atelier\u00bb oder \u00abwir\u00bb) ist f\u00fcr diese Website verantwortlich. Bei datenschutzrechtlichen Anliegen k\u00f6nnen Sie uns unter der vorerw\u00e4hnten Adresse kontaktieren.<\/p><p>Mit der Nutzung dieser Webseite erkl\u00e4ren Sie sich mit der Bearbeitung Ihrer Personendaten gem\u00e4ss der vorliegenden Datenschutzerkl\u00e4rung einverstanden.<\/p><p>Wir nehmen den Schutz Ihrer Personendaten sehr ernst. Wir m\u00f6chten, dass Sie wissen, welche Daten wir sammeln, speichern und verarbeiten. Dabei halten wir uns an die Anforderungen der anwendbaren Datenschutzgesetze.<\/p><p>Die vorliegende Datenschutzerkl\u00e4rung informiert Sie \u00fcber die Erhebung personenbezogener Daten w\u00e4hrend Ihres Besuchs auf dieser Webseite.<\/p><p><strong>Erfassung von allgemeinen Daten und Informationen<\/strong><\/p><p>Mit jedem Aufruf der Webseite werden eine Reihe von allgemeinen Daten und Informationen erfasst. Diese allgemeinen Daten und Informationen werden in den Logfiles des Servers gespeichert. Folgende Informationen k\u00f6nnen erfasst werden:<\/p><ul><li>die verwendeten Browsertypen und Versionen,<\/li><li>das vom zugreifenden System verwendete Betriebssystem,<\/li><li>die Webseite, von welcher ein zugreifendes System auf unsere Webseite gelangt (sogenannte Referrer),<\/li><li>die Unterwebseiten, welche \u00fcber ein zugreifendes System auf unserer Webseite angesteuert werden,<\/li><li>das Datum und die Uhrzeit eines Zugriffs auf die Webseite,<\/li><li>eine Internet-Protokoll-Adresse (IP-Adresse),<\/li><li>der Internet-Service-Provider des zugreifenden Systems und<\/li><li>sonstige \u00e4hnliche Daten und Informationen, die der Gefahrenabwehr im Falle von Angriffen auf unsere IT-Infrastruktur dienen.<\/li><\/ul><p><br \/>Diese Daten und Informationen werden ben\u00f6tigt, um die Inhalte unserer Webseite korrekt darzustellen, die Inhalte unserer Webseite zu optimieren, die dauerhafte Funktionsf\u00e4higkeit unserer IT-Infrastruktur und der Technik unserer Webseite zu gew\u00e4hrleisten sowie um im Falle eines Cyberangriffes den Strafverfolgungsbeh\u00f6rden die notwendigen Informationen bereitzustellen.<\/p><p>Weiter kann Skin Atelier diese Daten und Informationen statistisch und mit dem Ziel auswerten, den Datenschutz und die Datensicherheit ihrer IT-Infrastruktur zu erh\u00f6hen. Die erhobenen Daten und Informationen werden nur zu den eben erw\u00e4hnten Zwecken bearbeitet und werden anschliessend gel\u00f6scht.<\/p><p><strong>Links anderer Websites<\/strong><\/p><p>Unsere Webseite kann Links zu Webseiten anderer Anbieter enthalten. Wir haben keinen Einfluss auf diese Webseiten, deren Inhalte, Angebote oder Verf\u00fcgbarkeit oder die dort geltenden Datenschutzerkl\u00e4rungen und \u2011bestimmungen und lehnen daher jegliche Haftung ab.<\/p><p><strong>Verwendung von Cookies<\/strong><\/p><p>Wir verwenden auf unserer Website Cookies. Cookies enthalten eine sogenannte Cookie-ID, eine eindeutige Kennung des Cookies, welche Webseiten und Server einem konkreten Internetbrowser zuordnet. Ein bestimmter Internetbrowser kann \u00fcber diese eindeutige Cookie-ID wiedererkannt und identifiziert werden.<\/p><p>Solche Informationen \u00fcber die Nutzung dieser Webseite (einschliesslich Ihrer IP-Adresse) k\u00f6nnen z.B. im Falle von Google Analytics an Server im Ausland \u00fcbertragen und dort gespeichert werden. Mit der Nutzung unserer Webseite erkl\u00e4ren Sie sich einverstanden mit der \u00dcbertragung dieser Daten.<\/p><p>Cookies werden auf dem Rechner der Nutzerin gespeichert und von diesem an unsere Website \u00fcbermittelt. Daher haben Sie als Nutzerin auch die volle Kontrolle \u00fcber die Verwendung von Cookies. Durch eine \u00c4nderung der Einstellungen in Ihrem Internetbrowser k\u00f6nnen Sie die \u00dcbertragung von Cookies deaktivieren oder einschr\u00e4nken. Bereits gespeicherte Cookies k\u00f6nnen jederzeit gel\u00f6scht werden. Dies kann auch automatisiert erfolgen. Werden Cookies f\u00fcr unsere Website deaktiviert, k\u00f6nnen m\u00f6glicherweise nicht mehr alle Funktionen vollumf\u00e4nglich genutzt werden. Die Nutzung interaktiver Angebote ist nur mit Cookies m\u00f6glich.<\/p><p><strong>Google Analytics<\/strong><\/p><p>Unsere Website nutzt Funktionen des Webanalysedienstes Google Analytics. Anbieter ist Google Inc., 1600 Amphitheatre Parkway, Mountain View, CA 94043, USA.<\/p><p>Google Analytics verwendet auch Cookies. Die im Rahmen von Google Analytics von Ihrem Browser \u00fcbermittelte IP-Adresse wird gem\u00e4ss Angaben von Google nicht mit anderen Daten von Google zusammengef\u00fchrt. Die durch die Cookies erzeugten Informationen \u00fcber Ihre Benutzung unserer Website werden in der Regel an einen Server von Google in den USA \u00fcbertragen und dort gespeichert.\u00a0<\/p><p>Unsere Website hat die Funktion IP-Anonymisierung aktiviert. Dadurch wird Ihre IP-Adresse von Google vor der \u00dcbermittlung in die USA gek\u00fcrzt. Nur in Ausnahmef\u00e4llen wird die volle IP-Adresse an einen Server von Google in den USA \u00fcbertragen und dort gek\u00fcrzt.<\/p><p>Unsere Website nutzt die Funktion \u00abdemografische Merkmale\u00bb von Google Analytics. Dadurch k\u00f6nnen Berichte erstellt werden, die Aussagen zu Alter, Geschlecht und Interessen der Seitenbesucher enthalten. Diese Daten stammen aus interessenbezogener Werbung von Google sowie aus Besucherdaten von Drittanbietern. Diese Daten k\u00f6nnen keiner bestimmten Person zugeordnet werden. Sie k\u00f6nnen diese Funktion jederzeit \u00fcber die Anzeigeneinstellungen in Ihrem Google-Konto deaktivieren oder die Erfassung Ihrer Daten durch Google Analytics generell untersagen. Zur Deaktivierung von Google Analytics stellt Google unter http:\/\/tools.google.com\/dlpage\/gaoptout?hl=de ein Browser-Add-on zur Verf\u00fcgung.<\/p><p><strong>Social Media<\/strong><\/p><p>Auf unserer Website k\u00f6nnen Schaltfl\u00e4chen (\u00abSocial-Media-Plugins\u00bb) platziert sein, die einen Kontakt mit den Servern von Sozialen Netzwerken (Facebook, Instagram etc.) herstellen. Mit dem Klick auf einen dieser Buttons werden gewisse Daten wie IP-Adresse, Besuch der Website, u.a. an den jeweiligen Betreiber des Sozialen Netzwerks \u00fcbermittelt. Diese Daten\u00fcbermittlung geschieht ohne unser Zutun. Es gelten die Datenschutzerkl\u00e4rungen und -bestimmungen des jeweiligen Sozialen Netzwerks.<\/p><p><strong>Kommunikation<\/strong><\/p><p>Skin Atelier speichert und bearbeitet Personendaten zur Bereitstellung, Administration und Durchf\u00fchrung der Kundenkommunikation per Post, Telefon, Kontaktformular und \u00fcber elektronische Kommunikationsmittel. Nehmen Sie \u00fcber die auf unserer Webseite angebotenen Kommunikationsm\u00f6glichkeiten Kontakt mit uns auf, werden Ihre Kontaktangaben und Inhalte lediglich zur Bearbeitung und Beantwortung Ihrer Anfrage verwendet.<\/p><p><strong>Ihre Rechte<\/strong><\/p><p>Sie sind berechtigt, jederzeit Auskunft \u00fcber zu Ihrer Person gespeicherten Daten zu verlangen. Sollten wir durch gesetzliche oder beh\u00f6rdliche Vorgaben verpflichtet sein, pers\u00f6nliche Daten zu behalten, werden wir diese sofort nach Ende der Aufbewahrungspflicht l\u00f6schen. Sie haben das Recht, auf Ihre pers\u00f6nlichen Daten, zu deren Aufbewahrung wir verpflichtet sind, zuzugreifen sowie inkorrekte pers\u00f6nliche Daten korrigieren zu lassen und deren Einschr\u00e4nkung und L\u00f6schung zu verlangen.<\/p><p><strong>Anpassungen dieser Datenschutzerkl\u00e4rung<\/strong><\/p><p>Skin Atelier beh\u00e4lt sich vor, diese Datenschutzerkl\u00e4rung jederzeit zu \u00e4ndern. Wir werden \u00fcber solche \u00c4nderungen in geeigneter Weise informieren, z.B. durch Ver\u00f6ffentlichung auf unserer Website. Mit dieser Information tritt die jeweils neue Version in Kraft.<\/p><p>Zuletzt aktualisiert am 20.3.2024<\/p>\t\t\t\t\t\t\t\t<\/div>\n\t\t\t\t<\/div>\n\t\t\t\t\t<\/div>\n\t\t\t\t<\/div>\n\t\t\t\t<\/div>\n\t\t","protected":false},"excerpt":{"rendered":"<p>Kilchberg 12. M\u00e4rz 2024 Datenschutz Allgemeines Skin Atelier AG, Weinbergstrasse 2, 8802 Kirchberg, Schweiz, info@skinatelier.ch (\u00abSkin Atelier\u00bb oder \u00abwir\u00bb) ist f\u00fcr diese Website verantwortlich. Bei datenschutzrechtlichen Anliegen k\u00f6nnen Sie uns unter der vorerw\u00e4hnten Adresse kontaktieren. Mit der Nutzung dieser Webseite erkl\u00e4ren Sie sich mit der Bearbeitung Ihrer Personendaten gem\u00e4ss der vorliegenden Datenschutzerkl\u00e4rung einverstanden. Wir nehmen [&hellip;]<\/p>\n","protected":false},"author":1,"featured_media":5602,"parent":0,"menu_order":0,"comment_status":"closed","ping_status":"closed","template":"","meta":{"_acf_changed":false,"_seopress_robots_primary_cat":"","_seopress_titles_title":"Datenschutz | Skin Atelier","_seopress_titles_desc":"Mit der Nutzung dieser Webseite erkl\u00e4ren Sie sich mit der Bearbeitung Ihrer Personendaten gem\u00e4ss der vorliegenden Datenschutzerkl\u00e4rung einverstanden.","_seopress_robots_index":"","footnotes":""},"class_list":["post-5803","page","type-page","status-publish","has-post-thumbnail","hentry"],"acf":[],"_links":{"self":[{"href":"https:\/\/skinatelier.ch\/en\/wp-json\/wp\/v2\/pages\/5803","targetHints":{"allow":["GET"]}}],"collection":[{"href":"https:\/\/skinatelier.ch\/en\/wp-json\/wp\/v2\/pages"}],"about":[{"href":"https:\/\/skinatelier.ch\/en\/wp-json\/wp\/v2\/types\/page"}],"author":[{"embeddable":true,"href":"https:\/\/skinatelier.ch\/en\/wp-json\/wp\/v2\/users\/1"}],"replies":[{"embeddable":true,"href":"https:\/\/skinatelier.ch\/en\/wp-json\/wp\/v2\/comments?post=5803"}],"version-history":[{"count":0,"href":"https:\/\/skinatelier.ch\/en\/wp-json\/wp\/v2\/pages\/5803\/revisions"}],"wp:featuredmedia":[{"embeddable":true,"href":"https:\/\/skinatelier.ch\/en\/wp-json\/wp\/v2\/media\/5602"}],"wp:attachment":[{"href":"https:\/\/skinatelier.ch\/en\/wp-json\/wp\/v2\/media?parent=5803"}],"curies":[{"name":"wp","href":"https:\/\/api.w.org\/{rel}","templated":true}]}}