{"id":5801,"date":"2024-03-15T09:07:11","date_gmt":"2024-03-15T08:07:11","guid":{"rendered":"https:\/\/skinatelier.ch\/agb\/"},"modified":"2024-04-16T10:20:33","modified_gmt":"2024-04-16T08:20:33","slug":"agb","status":"publish","type":"page","link":"https:\/\/skinatelier.ch\/en\/agb\/","title":{"rendered":"AGB"},"content":{"rendered":"\t\t<div data-elementor-type=\"wp-post\" data-elementor-id=\"5801\" class=\"elementor elementor-5801 elementor-3417\" data-elementor-post-type=\"page\">\n\t\t\t\t<div class=\"elementor-element elementor-element-07e05ab e-flex e-con-boxed e-con e-parent\" data-id=\"07e05ab\" data-element_type=\"container\" data-e-type=\"container\">\n\t\t\t\t\t<div class=\"e-con-inner\">\n\t\t\t\t<div class=\"elementor-element elementor-element-026ed9a elementor-widget elementor-widget-heading\" data-id=\"026ed9a\" data-element_type=\"widget\" data-e-type=\"widget\" data-widget_type=\"heading.default\">\n\t\t\t\t<div class=\"elementor-widget-container\">\n\t\t\t\t\t<h2 class=\"elementor-heading-title elementor-size-default\">Allgemeine Gesch\u00e4ftsbedingungen der Skin Atelier AG<\/h2>\t\t\t\t<\/div>\n\t\t\t\t<\/div>\n\t\t\t\t<div class=\"elementor-element elementor-element-805fbe8 elementor-widget elementor-widget-heading\" data-id=\"805fbe8\" data-element_type=\"widget\" data-e-type=\"widget\" data-widget_type=\"heading.default\">\n\t\t\t\t<div class=\"elementor-widget-container\">\n\t\t\t\t\t<h1 class=\"elementor-heading-title elementor-size-default\">AGB<\/h1>\t\t\t\t<\/div>\n\t\t\t\t<\/div>\n\t\t\t\t<div class=\"elementor-element elementor-element-93df54a elementor-widget-divider--view-line elementor-widget elementor-widget-divider\" data-id=\"93df54a\" data-element_type=\"widget\" data-e-type=\"widget\" data-widget_type=\"divider.default\">\n\t\t\t\t<div class=\"elementor-widget-container\">\n\t\t\t\t\t\t\t<div class=\"elementor-divider\">\n\t\t\t<span class=\"elementor-divider-separator\">\n\t\t\t\t\t\t<\/span>\n\t\t<\/div>\n\t\t\t\t\t\t<\/div>\n\t\t\t\t<\/div>\n\t\t\t\t<div class=\"elementor-element elementor-element-b12ccfe elementor-widget__width-initial elementor-widget elementor-widget-text-editor\" data-id=\"b12ccfe\" data-element_type=\"widget\" data-e-type=\"widget\" data-widget_type=\"text-editor.default\">\n\t\t\t\t<div class=\"elementor-widget-container\">\n\t\t\t\t\t\t\t\t\t<p><strong>Terminstornierungen<\/strong><\/p><p>Bereits vereinbarte Termine k\u00f6nnen bis 24 Stunden vor dem Termin kostenlos storniert werden. Bei nicht rechtzeitig abgesagten Terminen werden die H\u00e4lfte der Behandlungskosten in Rechnungs gestellt.<\/p><p>Bei einer Terminabsage kontaktieren Sie uns bitte ausschliesslich \u00fcber Telefon oder E\u2011Mail.<\/p><p><strong>Preisanpassungen<\/strong><\/p><p>Wir behalten uns das Recht vor, die Preise f\u00fcr unsere Dienstleistungen und Produkte anzupassen. Es gilt der zum Zeitpunkt der Terminvereinbarung ausgewiesene Preis. Die aktuellen Preise sind auf unserer Website ersichtlich.<\/p><p><strong>Dienstleistungen zum Kassentarif<\/strong><\/p><p>Pflichtleistungen der Krankenkassen werden gem\u00e4ss dem Tarif Tarmed abgerechnet. Dieser Tarif ist gesamtschweizerisch geregelt.<\/p><p><strong>Dienstleistungen und Produkte zum Privattarif<\/strong><\/p><p>Unsere Dienstleistungen und Produkte zum Privattarif (z.B. \u00e4sthetische Behandlungen, Kosmetikprodukte) sind direkt zur Zahlung f\u00e4llig. Wir akzeptieren Bargeld, Debit- u. Kreditkarten sowie Twint.<\/p><p><strong>Mahnungen \/ Zahlungsverzug<\/strong><\/p><p>Rechnungen sind innerhalb von 10 Tagen ohne Abzug zu bezahlen. Ab der zweiten Mahnung wird eine Mahngeb\u00fchr von CHF 30 erhoben.<\/p><p><strong>Aufkl\u00e4rung und Einverst\u00e4ndniserkl\u00e4rung<\/strong><\/p><p>Vor vielen Eingriffen, Therapien und Behandlungen ist eine Patientenaufkl\u00e4rung erforderlich. Die Einverst\u00e4ndniserkl\u00e4rung muss von den Patienten unterschrieben und sp\u00e4testens unmittelbar vor der Behandlung bei uns vorgelegt werden. Ohne diese Unterschrift k\u00f6nnen wir aus rechtlichen Gr\u00fcnden keine Eingriffe, Therapien oder Behandlungen durchf\u00fchren.<\/p><p><strong>Vertragspartner<\/strong><\/p><p>Ihre Vertragspartnerin ist ausschliesslich die Skin Atelier AG.<\/p><p><strong>Anwendbares Recht und Gerichtsstand<\/strong><\/p><p>Es ist ausschliesslich schweizerisches Recht unter Ausschluss der Kollisionsnormen des Internationalen Privatrechts anwendbar. F\u00fcr s\u00e4mtliche Streitigkeiten sind die Gerichte in Z\u00fcrich (Stadt) zust\u00e4ndig.<\/p><p>\u00a0<\/p>\t\t\t\t\t\t\t\t<\/div>\n\t\t\t\t<\/div>\n\t\t\t\t\t<\/div>\n\t\t\t\t<\/div>\n\t\t\t\t<\/div>\n\t\t","protected":false},"excerpt":{"rendered":"<p>Allgemeine Gesch\u00e4ftsbedingungen der Skin Atelier AG AGB Terminstornierungen Bereits vereinbarte Termine k\u00f6nnen bis 24 Stunden vor dem Termin kostenlos storniert werden. Bei nicht rechtzeitig abgesagten Terminen werden die H\u00e4lfte der Behandlungskosten in Rechnungs gestellt. Bei einer Terminabsage kontaktieren Sie uns bitte ausschliesslich \u00fcber Telefon oder E\u2011Mail. Preisanpassungen Wir behalten uns das Recht vor, die Preise [&hellip;]<\/p>\n","protected":false},"author":1,"featured_media":5602,"parent":0,"menu_order":0,"comment_status":"closed","ping_status":"closed","template":"","meta":{"_acf_changed":false,"_seopress_robots_primary_cat":"","_seopress_titles_title":"AGB | Skin Atelier","_seopress_titles_desc":"Allgemeine Gesch\u00e4ftsbedingungen von Skin Atelier. Bereits vereinbarte Termine k\u00f6nnen bis 24 Stunden vor dem Termin kostenlos storniert werden.","_seopress_robots_index":"","footnotes":""},"class_list":["post-5801","page","type-page","status-publish","has-post-thumbnail","hentry"],"acf":[],"_links":{"self":[{"href":"https:\/\/skinatelier.ch\/en\/wp-json\/wp\/v2\/pages\/5801","targetHints":{"allow":["GET"]}}],"collection":[{"href":"https:\/\/skinatelier.ch\/en\/wp-json\/wp\/v2\/pages"}],"about":[{"href":"https:\/\/skinatelier.ch\/en\/wp-json\/wp\/v2\/types\/page"}],"author":[{"embeddable":true,"href":"https:\/\/skinatelier.ch\/en\/wp-json\/wp\/v2\/users\/1"}],"replies":[{"embeddable":true,"href":"https:\/\/skinatelier.ch\/en\/wp-json\/wp\/v2\/comments?post=5801"}],"version-history":[{"count":0,"href":"https:\/\/skinatelier.ch\/en\/wp-json\/wp\/v2\/pages\/5801\/revisions"}],"wp:featuredmedia":[{"embeddable":true,"href":"https:\/\/skinatelier.ch\/en\/wp-json\/wp\/v2\/media\/5602"}],"wp:attachment":[{"href":"https:\/\/skinatelier.ch\/en\/wp-json\/wp\/v2\/media?parent=5801"}],"curies":[{"name":"wp","href":"https:\/\/api.w.org\/{rel}","templated":true}]}}